{"id":648,"date":"2022-10-05T11:15:35","date_gmt":"2022-10-05T11:15:35","guid":{"rendered":"https:\/\/dwf.ro\/resources\/?page_id=648"},"modified":"2022-10-19T20:48:40","modified_gmt":"2022-10-19T20:48:40","slug":"project-100","status":"publish","type":"page","link":"https:\/\/dwf.ro\/resources\/project-100\/","title":{"rendered":"Project #100"},"content":{"rendered":"\n<!--START Grid-->\n<div  class=\"lvd-cm-card-grid lvd-pxy-none lvd-mb-block-spacer\">\n    <div class=\"lvd-container lvd-width-fullhd\">\n            <!--Section title test-->\n                        <!--Section intro test-->\n            \n            <div class=\"lvd-grid lvd-grid-cols1-sm  lvd-grid-cols3 lvd-grid-gap-md\">\n\n\n\n            \n\n\n\n\n\n              \n            <\/div>\n\n            <!--Button group repeater-->\n                        <!--END Button group repeater-->\n    <\/div>  \n\n<\/div>\n<!--END Grid-->\n\n\n<!--START Grid-->\n<div  class=\"lvd-cm-card-grid lvd-pxy-none lvd-mb-block-spacer\">\n    <div class=\"lvd-container lvd-width-fullhd\">\n            <!--Section title test-->\n                        <!--Section intro test-->\n            \n            <div class=\"lvd-grid lvd-grid-cols1-sm  lvd-grid-cols3 lvd-grid-gap-md\">\n\n\n\n                                    <!--Grid item-->\n                        <div class=\"lvd-box lvd-style-apply lvd-box-shadow-200 \">\n                            <div class=\"lvd-img lvd-img-responsive\"><img decoding=\"async\"  src=\"https:\/\/dwf.ro\/resources\/wp-content\/uploads\/2022\/10\/Andreia-1080x566.png\" alt=\"Succesul \u00eenseamn\u0103 flexibilitate \u0219i oportunit\u0103\u021bi de \u00eenv\u0103\u021bare\" \/><\/div>\n                            <div class=\"lvd-content\">\n                                <div class=\"lvd-dwf-split lvd-row lvd-row-between\">\n                                    <div class=\"lvd-dwf-split-col-name lvd-row  lvd-self-center\"><span class=\"lvd-text-h5\">ANDREIA CIOBANU<\/span><\/div>\n                                    <div class=\"lvd-dwf-split-col-logo\"><img decoding=\"async\" class=\"lvd-img-responsive\" src=\"https:\/\/dwf.ro\/resources\/wp-content\/uploads\/2022\/10\/dwf-16-6-3.jpg\" alt=\"ANDREIA CIOBANU\" ><\/div>\n                                <\/div>\n\n                                <h2 class=\"lvd-title lvd-text-h4\">Succesul \u00eenseamn\u0103 flexibilitate \u0219i oportunit\u0103\u021bi de \u00eenv\u0103\u021bare<\/h2>\n                                <div class=\"lvd-txt lvd-default\">\n                                                                        <a href=\"https:\/\/dwf.ro\/resources\/andreia-ciobanu-succesul-pentru-mine-inseamna-flexibilitate\/\" class=\"lvd-button-primary lvd-mr-sm\">Vezi video<\/a> \n                                <\/div>\n                            <\/div>  \n                        <\/div>\n                        <!--End Grid-->\n\n\n                                        <!--Grid item-->\n                        <div class=\"lvd-box lvd-style-apply lvd-box-shadow-200 \">\n                            <div class=\"lvd-img lvd-img-responsive\"><img decoding=\"async\"  src=\"https:\/\/dwf.ro\/resources\/wp-content\/uploads\/2022\/10\/video-1080x566.png\" alt=\"La \u00eenceputul carierei este foarte important\u0103 echipa din care faci parte\" \/><\/div>\n                            <div class=\"lvd-content\">\n                                <div class=\"lvd-dwf-split lvd-row lvd-row-between\">\n                                    <div class=\"lvd-dwf-split-col-name lvd-row  lvd-self-center\"><span class=\"lvd-text-h5\">COSMINA CIUCA<\/span><\/div>\n                                    <div class=\"lvd-dwf-split-col-logo\"><img decoding=\"async\" class=\"lvd-img-responsive\" src=\"https:\/\/dwf.ro\/resources\/wp-content\/uploads\/2022\/10\/dwf-16-6-3.jpg\" alt=\"COSMINA CIUCA\" ><\/div>\n                                <\/div>\n\n                                <h2 class=\"lvd-title lvd-text-h4\">La \u00eenceputul carierei este foarte important\u0103 echipa din care faci parte<\/h2>\n                                <div class=\"lvd-txt lvd-default\">\n                                                                        <a href=\"https:\/\/dwf.ro\/resources\/project-100-cosmina-ciuca-account-manager-dwf\/\" class=\"lvd-button-primary lvd-mr-sm\">Vezi video<\/a> \n                                <\/div>\n                            <\/div>  \n                        <\/div>\n                        <!--End Grid-->\n\n\n                                        <!--Grid item-->\n                        <div class=\"lvd-box lvd-style-apply lvd-box-shadow-200 \">\n                            <div class=\"lvd-img lvd-img-responsive\"><img decoding=\"async\"  src=\"https:\/\/dwf.ro\/resources\/wp-content\/uploads\/2022\/10\/1080-x-566.png\" alt=\"M\u0103 trezesc de diminea\u021b\u0103 \u0219i m\u0103 apuc de munc\u0103 pentru c\u0103 \u0219tiu c\u0103 pot s\u0103 ajut oameni.\" \/><\/div>\n                            <div class=\"lvd-content\">\n                                <div class=\"lvd-dwf-split lvd-row lvd-row-between\">\n                                    <div class=\"lvd-dwf-split-col-name lvd-row  lvd-self-center\"><span class=\"lvd-text-h5\">IRINA RUS<\/span><\/div>\n                                    <div class=\"lvd-dwf-split-col-logo\"><img decoding=\"async\" class=\"lvd-img-responsive\" src=\"https:\/\/dwf.ro\/resources\/wp-content\/uploads\/2022\/10\/dwf-16-6-3.jpg\" alt=\"IRINA RUS\" ><\/div>\n                                <\/div>\n\n                                <h2 class=\"lvd-title lvd-text-h4\">M\u0103 trezesc de diminea\u021b\u0103 \u0219i m\u0103 apuc de munc\u0103 pentru c\u0103 \u0219tiu c\u0103 pot s\u0103 ajut oameni.<\/h2>\n                                <div class=\"lvd-txt lvd-default\">\n                                                                        <a href=\"https:\/\/dwf.ro\/resources\/irina-rus-ma-trezesc-de-dimineata-si-ma-apuc-de-munca-pentru-ca-stiu-ca-pot-sa-ajut-oameni\/\" class=\"lvd-button-primary lvd-mr-sm\">Vezi video<\/a> \n                                <\/div>\n                            <\/div>  \n                        <\/div>\n                        <!--End Grid-->\n\n\n                                        <!--Grid item-->\n                        <div class=\"lvd-box lvd-style-apply lvd-box-shadow-200 \">\n                            <div class=\"lvd-img lvd-img-responsive\"><img decoding=\"async\"  src=\"https:\/\/dwf.ro\/resources\/wp-content\/uploads\/2022\/10\/11-1.png\" alt=\"Greseli facem cu totii pana sa ajungem la un anumit nivel\" \/><\/div>\n                            <div class=\"lvd-content\">\n                                <div class=\"lvd-dwf-split lvd-row lvd-row-between\">\n                                    <div class=\"lvd-dwf-split-col-name lvd-row  lvd-self-center\"><span class=\"lvd-text-h5\">ELEONORA SIMION<\/span><\/div>\n                                    <div class=\"lvd-dwf-split-col-logo\"><img decoding=\"async\" class=\"lvd-img-responsive\" src=\"https:\/\/dwf.ro\/resources\/wp-content\/uploads\/2022\/10\/dwf-16-6-3.jpg\" alt=\"ELEONORA SIMION\" ><\/div>\n                                <\/div>\n\n                                <h2 class=\"lvd-title lvd-text-h4\">Greseli facem cu totii pana sa ajungem la un anumit nivel<\/h2>\n                                <div class=\"lvd-txt lvd-default\">\n                                                                        <a href=\"https:\/\/dwf.ro\/resources\/eleonora-simion-chief-people-officer-dwf\/\" class=\"lvd-button-primary lvd-mr-sm\">Vezi video<\/a> \n                                <\/div>\n                            <\/div>  \n                        <\/div>\n                        <!--End Grid-->\n\n\n                                        <!--Grid item-->\n                        <div class=\"lvd-box lvd-style-apply lvd-box-shadow-200 \">\n                            <div class=\"lvd-img lvd-img-responsive\"><img decoding=\"async\"  src=\"https:\/\/dwf.ro\/resources\/wp-content\/uploads\/2022\/10\/10-1.png\" alt=\"Ca specialist PPC, intr-o mana trebuie sa ai datele si in cealalta mana, creativitatea\" \/><\/div>\n                            <div class=\"lvd-content\">\n                                <div class=\"lvd-dwf-split lvd-row lvd-row-between\">\n                                    <div class=\"lvd-dwf-split-col-name lvd-row  lvd-self-center\"><span class=\"lvd-text-h5\">ANDREI CHIRVASE<\/span><\/div>\n                                    <div class=\"lvd-dwf-split-col-logo\"><img decoding=\"async\" class=\"lvd-img-responsive\" src=\"https:\/\/dwf.ro\/resources\/wp-content\/uploads\/2022\/10\/dwf-16-6-3.jpg\" alt=\"ANDREI CHIRVASE\" ><\/div>\n                                <\/div>\n\n                                <h2 class=\"lvd-title lvd-text-h4\">Ca specialist PPC, intr-o mana trebuie sa ai datele si in cealalta mana, creativitatea<\/h2>\n                                <div class=\"lvd-txt lvd-default\">\n                                                                        <a href=\"https:\/\/dwf.ro\/resources\/100-story-andrei-chirvase-dwf%ef%bf%bc\/\" class=\"lvd-button-primary lvd-mr-sm\">Vezi video<\/a> \n                                <\/div>\n                            <\/div>  \n                        <\/div>\n                        <!--End Grid-->\n\n\n                                        <!--Grid item-->\n                        <div class=\"lvd-box lvd-style-apply lvd-box-shadow-200 \">\n                            <div class=\"lvd-img lvd-img-responsive\"><img decoding=\"async\"  src=\"https:\/\/dwf.ro\/resources\/wp-content\/uploads\/2022\/10\/8.png\" alt=\"La DWF ai sansa sa devii mai bun decat poate nici nu visai sau credeai ca esti in stare.\" \/><\/div>\n                            <div class=\"lvd-content\">\n                                <div class=\"lvd-dwf-split lvd-row lvd-row-between\">\n                                    <div class=\"lvd-dwf-split-col-name lvd-row  lvd-self-center\"><span class=\"lvd-text-h5\">Diana Si\u0302rghi <\/span><\/div>\n                                    <div class=\"lvd-dwf-split-col-logo\"><img decoding=\"async\" class=\"lvd-img-responsive\" src=\"https:\/\/dwf.ro\/resources\/wp-content\/uploads\/2022\/10\/dwf-16-6-3.jpg\" alt=\"Diana Si\u0302rghi \" ><\/div>\n                                <\/div>\n\n                                <h2 class=\"lvd-title lvd-text-h4\">La DWF ai sansa sa devii mai bun decat poate nici nu visai sau credeai ca esti in stare.<\/h2>\n                                <div class=\"lvd-txt lvd-default\">\n                                                                        <a href=\"https:\/\/dwf.ro\/resources\/diana-si%cc%82rghi-content-writer\/\" class=\"lvd-button-primary lvd-mr-sm\">Vezi video<\/a> \n                                <\/div>\n                            <\/div>  \n                        <\/div>\n                        <!--End Grid-->\n\n\n                                        <!--Grid item-->\n                        <div class=\"lvd-box lvd-style-apply lvd-box-shadow-200 \">\n                            <div class=\"lvd-img lvd-img-responsive\"><img decoding=\"async\"  src=\"https:\/\/dwf.ro\/resources\/wp-content\/uploads\/2022\/10\/13-1.png\" alt=\"Irina Ciobotaru &#038; Cristian Laz\u0103r &#8211; In DWF, fiecare zi e diferita.\" \/><\/div>\n                            <div class=\"lvd-content\">\n                                <div class=\"lvd-dwf-split lvd-row lvd-row-between\">\n                                    <div class=\"lvd-dwf-split-col-name lvd-row  lvd-self-center\"><span class=\"lvd-text-h5\">IRINA &#038; CRISTIAN<\/span><\/div>\n                                    <div class=\"lvd-dwf-split-col-logo\"><img decoding=\"async\" class=\"lvd-img-responsive\" src=\"https:\/\/dwf.ro\/resources\/wp-content\/uploads\/2022\/10\/dwf-16-6-3.jpg\" alt=\"IRINA &#038; CRISTIAN\" ><\/div>\n                                <\/div>\n\n                                <h2 class=\"lvd-title lvd-text-h4\">Irina Ciobotaru &#038; Cristian Laz\u0103r &#8211; In DWF, fiecare zi e diferita.<\/h2>\n                                <div class=\"lvd-txt lvd-default\">\n                                                                        <a href=\"https:\/\/dwf.ro\/resources\/irina-ciobotaru-cristian-lazar\/\" class=\"lvd-button-primary lvd-mr-sm\">Vezi video<\/a> \n                                <\/div>\n                            <\/div>  \n                        <\/div>\n                        <!--End Grid-->\n\n\n                                        <!--Grid item-->\n                        <div class=\"lvd-box lvd-style-apply lvd-box-shadow-200 \">\n                            <div class=\"lvd-img lvd-img-responsive\"><img decoding=\"async\"  src=\"https:\/\/dwf.ro\/resources\/wp-content\/uploads\/2022\/10\/9.png\" alt=\"Sunt \u00een DWF de aproximativ 1 an de zile, dar am senza\u021bia c\u0103 sunt de o via\u021b\u0103 aici.\" \/><\/div>\n                            <div class=\"lvd-content\">\n                                <div class=\"lvd-dwf-split lvd-row lvd-row-between\">\n                                    <div class=\"lvd-dwf-split-col-name lvd-row  lvd-self-center\"><span class=\"lvd-text-h5\">Lorena Saia<\/span><\/div>\n                                    <div class=\"lvd-dwf-split-col-logo\"><img decoding=\"async\" class=\"lvd-img-responsive\" src=\"https:\/\/dwf.ro\/resources\/wp-content\/uploads\/2022\/10\/dwf-16-6-3.jpg\" alt=\"Lorena Saia\" ><\/div>\n                                <\/div>\n\n                                <h2 class=\"lvd-title lvd-text-h4\">Sunt \u00een DWF de aproximativ 1 an de zile, dar am senza\u021bia c\u0103 sunt de o via\u021b\u0103 aici.<\/h2>\n                                <div class=\"lvd-txt lvd-default\">\n                                                                        <a href=\"https:\/\/dwf.ro\/resources\/lorena-saia-sunt-in-dwf-de-aproximativ-1-an-de-zile-dar-am-senzatia-ca-sunt-de-o-viata-aici\/\" class=\"lvd-button-primary lvd-mr-sm\">Vezi video<\/a> \n                                <\/div>\n                            <\/div>  \n                        <\/div>\n                        <!--End Grid-->\n\n\n                                        <!--Grid item-->\n                        <div class=\"lvd-box lvd-style-apply lvd-box-shadow-200 \">\n                            <div class=\"lvd-img lvd-img-responsive\"><img decoding=\"async\"  src=\"https:\/\/dwf.ro\/resources\/wp-content\/uploads\/2022\/10\/2-1.png\" alt=\"Atunci c\u00e2nd vorbim despre v\u00e2nz\u0103ri, creativitatea ocup\u0103 un rol esen\u021bial\" \/><\/div>\n                            <div class=\"lvd-content\">\n                                <div class=\"lvd-dwf-split lvd-row lvd-row-between\">\n                                    <div class=\"lvd-dwf-split-col-name lvd-row  lvd-self-center\"><span class=\"lvd-text-h5\">Ligia Tomoiag\u0103<\/span><\/div>\n                                    <div class=\"lvd-dwf-split-col-logo\"><img decoding=\"async\" class=\"lvd-img-responsive\" src=\"https:\/\/dwf.ro\/resources\/wp-content\/uploads\/2022\/10\/dwf-16-6-3.jpg\" alt=\"Ligia Tomoiag\u0103\" ><\/div>\n                                <\/div>\n\n                                <h2 class=\"lvd-title lvd-text-h4\">Atunci c\u00e2nd vorbim despre v\u00e2nz\u0103ri, creativitatea ocup\u0103 un rol esen\u021bial<\/h2>\n                                <div class=\"lvd-txt lvd-default\">\n                                                                        <a href=\"https:\/\/dwf.ro\/resources\/ligia-tomoiaga-atunci-cand-vorbim-despre-vanzari-creativitatea-ocupa-un-rol-esential\/\" class=\"lvd-button-primary lvd-mr-sm\">Vezi video<\/a> \n                                <\/div>\n                            <\/div>  \n                        <\/div>\n                        <!--End Grid-->\n\n\n                                        <!--Grid item-->\n                        <div class=\"lvd-box lvd-style-apply lvd-box-shadow-200 \">\n                            <div class=\"lvd-img lvd-img-responsive\"><img decoding=\"async\"  src=\"https:\/\/dwf.ro\/resources\/wp-content\/uploads\/2022\/10\/6-2.png\" alt=\"Pentru mine, echipa DWF \u00eemi creeaz\u0103 motiva\u021bie!\" \/><\/div>\n                            <div class=\"lvd-content\">\n                                <div class=\"lvd-dwf-split lvd-row lvd-row-between\">\n                                    <div class=\"lvd-dwf-split-col-name lvd-row  lvd-self-center\"><span class=\"lvd-text-h5\">Mihaela Plesca<\/span><\/div>\n                                    <div class=\"lvd-dwf-split-col-logo\"><img decoding=\"async\" class=\"lvd-img-responsive\" src=\"https:\/\/dwf.ro\/resources\/wp-content\/uploads\/2022\/10\/dwf-16-6-3.jpg\" alt=\"Mihaela Plesca\" ><\/div>\n                                <\/div>\n\n                                <h2 class=\"lvd-title lvd-text-h4\">Pentru mine, echipa DWF \u00eemi creeaz\u0103 motiva\u021bie!<\/h2>\n                                <div class=\"lvd-txt lvd-default\">\n                                                                        <a href=\"https:\/\/dwf.ro\/resources\/mihaela-plesca\/\" class=\"lvd-button-primary lvd-mr-sm\">Vezi video<\/a> \n                                <\/div>\n                            <\/div>  \n                        <\/div>\n                        <!--End Grid-->\n\n\n                                        <!--Grid item-->\n                        <div class=\"lvd-box lvd-style-apply lvd-box-shadow-200 \">\n                            <div class=\"lvd-img lvd-img-responsive\"><img decoding=\"async\"  src=\"https:\/\/dwf.ro\/resources\/wp-content\/uploads\/2022\/10\/7.png\" alt=\"Daca esti la inceput de drum, la DWF ai parte de sustinerea colegilor.\" \/><\/div>\n                            <div class=\"lvd-content\">\n                                <div class=\"lvd-dwf-split lvd-row lvd-row-between\">\n                                    <div class=\"lvd-dwf-split-col-name lvd-row  lvd-self-center\"><span class=\"lvd-text-h5\">ANDREEA ARION<\/span><\/div>\n                                    <div class=\"lvd-dwf-split-col-logo\"><img decoding=\"async\" class=\"lvd-img-responsive\" src=\"https:\/\/dwf.ro\/resources\/wp-content\/uploads\/2022\/10\/dwf-16-6-3.jpg\" alt=\"ANDREEA ARION\" ><\/div>\n                                <\/div>\n\n                                <h2 class=\"lvd-title lvd-text-h4\">Daca esti la inceput de drum, la DWF ai parte de sustinerea colegilor.<\/h2>\n                                <div class=\"lvd-txt lvd-default\">\n                                                                        <a href=\"https:\/\/dwf.ro\/resources\/andreea-arion-daca-esti-la-inceput-de-drum-la-dwf-ai-parte-de-sustinerea-colegilor\/\" class=\"lvd-button-primary lvd-mr-sm\">Vezi video<\/a> \n                                <\/div>\n                            <\/div>  \n                        <\/div>\n                        <!--End Grid-->\n\n\n                                        <!--Grid item-->\n                        <div class=\"lvd-box lvd-style-apply lvd-box-shadow-200 \">\n                            <div class=\"lvd-img lvd-img-responsive\"><img decoding=\"async\"  src=\"https:\/\/dwf.ro\/resources\/wp-content\/uploads\/2022\/10\/4-1.png\" alt=\"Dorin Iosub &#8211; Am o relatie autentica cu clientii si asta imi confera o incredere in mine.\" \/><\/div>\n                            <div class=\"lvd-content\">\n                                <div class=\"lvd-dwf-split lvd-row lvd-row-between\">\n                                    <div class=\"lvd-dwf-split-col-name lvd-row  lvd-self-center\"><span class=\"lvd-text-h5\">DORIN IOSUB<\/span><\/div>\n                                    <div class=\"lvd-dwf-split-col-logo\"><img decoding=\"async\" class=\"lvd-img-responsive\" src=\"https:\/\/dwf.ro\/resources\/wp-content\/uploads\/2022\/10\/dwf-16-6-3.jpg\" alt=\"DORIN IOSUB\" ><\/div>\n                                <\/div>\n\n                                <h2 class=\"lvd-title lvd-text-h4\">Dorin Iosub &#8211; Am o relatie autentica cu clientii si asta imi confera o incredere in mine.<\/h2>\n                                <div class=\"lvd-txt lvd-default\">\n                                                                        <a href=\"https:\/\/dwf.ro\/resources\/dorin-iosub-am-o-relatie-autentica-cu-clientii-si-asta-imi-confera-o-incredere-in-mine\/\" class=\"lvd-button-primary lvd-mr-sm\">Vezi video<\/a> \n                                <\/div>\n                            <\/div>  \n                        <\/div>\n                        <!--End Grid-->\n\n\n                \n\n\n\n\n\n              \n            <\/div>\n\n            <!--Button group repeater-->\n                            <div class=\"lvd-button-group lvd-mt lvd-text-center\">\n                                                <a href=\"\" class=\"lvd-button-primary \"><\/a>\n                                        <\/div>\n                        <!--END Button group repeater-->\n    <\/div>  \n\n<\/div>\n<!--END Grid-->","protected":false},"excerpt":{"rendered":"","protected":false},"author":1,"featured_media":840,"parent":0,"menu_order":0,"comment_status":"closed","ping_status":"closed","template":"","meta":{"footnotes":""},"class_list":["post-648","page","type-page","status-publish","has-post-thumbnail","hentry"],"acf":[],"yoast_head":"<!-- This site is optimized with the Yoast SEO plugin v19.6.1 - https:\/\/yoast.com\/wordpress\/plugins\/seo\/ -->\n<title>Project #100 - DWF Campaigns<\/title>\n<meta name=\"robots\" content=\"index, follow, max-snippet:-1, max-image-preview:large, max-video-preview:-1\" \/>\n<link rel=\"canonical\" href=\"https:\/\/dwf.ro\/resources\/project-100\/\" \/>\n<meta property=\"og:locale\" content=\"ro_RO\" \/>\n<meta property=\"og:type\" content=\"article\" \/>\n<meta property=\"og:title\" content=\"Project #100 - DWF Campaigns\" \/>\n<meta property=\"og:url\" content=\"https:\/\/dwf.ro\/resources\/project-100\/\" \/>\n<meta property=\"og:site_name\" content=\"DWF Campaigns\" \/>\n<meta property=\"article:modified_time\" content=\"2022-10-19T20:48:40+00:00\" \/>\n<meta property=\"og:image\" content=\"https:\/\/dwf.ro\/resources\/wp-content\/uploads\/2022\/10\/WhatsApp-Image-2022-10-18-at-4.45.39-PM.jpeg\" \/>\n\t<meta property=\"og:image:width\" content=\"1600\" \/>\n\t<meta property=\"og:image:height\" content=\"899\" \/>\n\t<meta property=\"og:image:type\" content=\"image\/jpeg\" \/>\n<meta name=\"twitter:card\" content=\"summary_large_image\" \/>\n<script type=\"application\/ld+json\" class=\"yoast-schema-graph\">{\"@context\":\"https:\/\/schema.org\",\"@graph\":[{\"@type\":\"WebPage\",\"@id\":\"https:\/\/dwf.ro\/resources\/project-100\/\",\"url\":\"https:\/\/dwf.ro\/resources\/project-100\/\",\"name\":\"Project #100 - DWF Campaigns\",\"isPartOf\":{\"@id\":\"https:\/\/dwf.ro\/resources\/#website\"},\"datePublished\":\"2022-10-05T11:15:35+00:00\",\"dateModified\":\"2022-10-19T20:48:40+00:00\",\"breadcrumb\":{\"@id\":\"https:\/\/dwf.ro\/resources\/project-100\/#breadcrumb\"},\"inLanguage\":\"ro-RO\",\"potentialAction\":[{\"@type\":\"ReadAction\",\"target\":[\"https:\/\/dwf.ro\/resources\/project-100\/\"]}]},{\"@type\":\"BreadcrumbList\",\"@id\":\"https:\/\/dwf.ro\/resources\/project-100\/#breadcrumb\",\"itemListElement\":[{\"@type\":\"ListItem\",\"position\":1,\"name\":\"Theme\",\"item\":\"https:\/\/dwf.ro\/resources\/\"},{\"@type\":\"ListItem\",\"position\":2,\"name\":\"Project #100\"}]},{\"@type\":\"WebSite\",\"@id\":\"https:\/\/dwf.ro\/resources\/#website\",\"url\":\"https:\/\/dwf.ro\/resources\/\",\"name\":\"DWF Campaigns\",\"description\":\"\",\"potentialAction\":[{\"@type\":\"SearchAction\",\"target\":{\"@type\":\"EntryPoint\",\"urlTemplate\":\"https:\/\/dwf.ro\/resources\/?s={search_term_string}\"},\"query-input\":\"required name=search_term_string\"}],\"inLanguage\":\"ro-RO\"}]}<\/script>\n<!-- \/ Yoast SEO plugin. -->","yoast_head_json":{"title":"Project #100 - DWF Campaigns","robots":{"index":"index","follow":"follow","max-snippet":"max-snippet:-1","max-image-preview":"max-image-preview:large","max-video-preview":"max-video-preview:-1"},"canonical":"https:\/\/dwf.ro\/resources\/project-100\/","og_locale":"ro_RO","og_type":"article","og_title":"Project #100 - DWF Campaigns","og_url":"https:\/\/dwf.ro\/resources\/project-100\/","og_site_name":"DWF Campaigns","article_modified_time":"2022-10-19T20:48:40+00:00","og_image":[{"width":1600,"height":899,"url":"https:\/\/dwf.ro\/resources\/wp-content\/uploads\/2022\/10\/WhatsApp-Image-2022-10-18-at-4.45.39-PM.jpeg","type":"image\/jpeg"}],"twitter_card":"summary_large_image","schema":{"@context":"https:\/\/schema.org","@graph":[{"@type":"WebPage","@id":"https:\/\/dwf.ro\/resources\/project-100\/","url":"https:\/\/dwf.ro\/resources\/project-100\/","name":"Project #100 - DWF Campaigns","isPartOf":{"@id":"https:\/\/dwf.ro\/resources\/#website"},"datePublished":"2022-10-05T11:15:35+00:00","dateModified":"2022-10-19T20:48:40+00:00","breadcrumb":{"@id":"https:\/\/dwf.ro\/resources\/project-100\/#breadcrumb"},"inLanguage":"ro-RO","potentialAction":[{"@type":"ReadAction","target":["https:\/\/dwf.ro\/resources\/project-100\/"]}]},{"@type":"BreadcrumbList","@id":"https:\/\/dwf.ro\/resources\/project-100\/#breadcrumb","itemListElement":[{"@type":"ListItem","position":1,"name":"Theme","item":"https:\/\/dwf.ro\/resources\/"},{"@type":"ListItem","position":2,"name":"Project #100"}]},{"@type":"WebSite","@id":"https:\/\/dwf.ro\/resources\/#website","url":"https:\/\/dwf.ro\/resources\/","name":"DWF Campaigns","description":"","potentialAction":[{"@type":"SearchAction","target":{"@type":"EntryPoint","urlTemplate":"https:\/\/dwf.ro\/resources\/?s={search_term_string}"},"query-input":"required name=search_term_string"}],"inLanguage":"ro-RO"}]}},"_links":{"self":[{"href":"https:\/\/dwf.ro\/resources\/wp-json\/wp\/v2\/pages\/648","targetHints":{"allow":["GET"]}}],"collection":[{"href":"https:\/\/dwf.ro\/resources\/wp-json\/wp\/v2\/pages"}],"about":[{"href":"https:\/\/dwf.ro\/resources\/wp-json\/wp\/v2\/types\/page"}],"author":[{"embeddable":true,"href":"https:\/\/dwf.ro\/resources\/wp-json\/wp\/v2\/users\/1"}],"replies":[{"embeddable":true,"href":"https:\/\/dwf.ro\/resources\/wp-json\/wp\/v2\/comments?post=648"}],"version-history":[{"count":0,"href":"https:\/\/dwf.ro\/resources\/wp-json\/wp\/v2\/pages\/648\/revisions"}],"wp:featuredmedia":[{"embeddable":true,"href":"https:\/\/dwf.ro\/resources\/wp-json\/wp\/v2\/media\/840"}],"wp:attachment":[{"href":"https:\/\/dwf.ro\/resources\/wp-json\/wp\/v2\/media?parent=648"}],"curies":[{"name":"wp","href":"https:\/\/api.w.org\/{rel}","templated":true}]}}