{"id":1274,"date":"2023-10-10T15:35:53","date_gmt":"2023-10-10T15:35:53","guid":{"rendered":"https:\/\/dwf.ro\/resources\/?page_id=1274"},"modified":"2023-10-16T12:38:51","modified_gmt":"2023-10-16T12:38:51","slug":"ebooks","status":"publish","type":"page","link":"https:\/\/dwf.ro\/resources\/ebooks\/","title":{"rendered":"eBooks"},"content":{"rendered":"<script>\nvar countDownDate = new Date(\"January 01, 1970 00:00:00\").getTime();\n\/\/ Update the count down every 1 second\nvar x = setInterval(function() {\n\n\/\/ Get today's date and time\nvar now = new Date().getTime();\n\n\/\/ Find the distance between now and the count down date\nvar distance = countDownDate - now;\n\n\/\/ Time calculations for days, hours, minutes and seconds\nvar days = Math.floor(distance \/ (1000 * 60 * 60 * 24));\nvar hours = Math.floor((distance % (1000 * 60 * 60 * 24)) \/ (1000 * 60 * 60));\nvar minutes = Math.floor((distance % (1000 * 60 * 60)) \/ (1000 * 60));\nvar seconds = Math.floor((distance % (1000 * 60)) \/ 1000);\n\n\/\/ Display the result in the element with id=\"demo\"\ndocument.getElementById(\"\").innerHTML = days + \" zile <span>\" + hours + \":\"\n+ minutes + \":\" + seconds + \"<\/span>\";\n\n\/\/ If the count down is finished, write some text\nif (distance < 0) {\n  clearInterval(x);\n  document.getElementById(\"\").innerHTML = \"EXPIRED\";\n}\n}, 1000);\n<\/script>\n\n\n\n\n<!--Card grid-->\n<div class=\"lvd-cm-card-grid-dwf lvd-style-transparent lvd-pxy-none lvd-mb-block-spacer\" >\n    <!--Container-->\n    <div class=\"lvd-container lvd-width-fullhd\">\n            <!--Section title-->\n                        <!--Section intro-->\n                        <!--Repeater-->\n            <div class=\"lvd-grid lvd-grid-cols3 bm-lvd-grid-cols1 lvd-grid-gap\">\n                                                                <!--Card-->\n                        <div class=\"lvd-card lvd-style-apply lvd-box-shadow-100 lvd-style-white \">\n                            <!--Image-->\n                                                            <div class=\"lvd-img lvd-img-responsive\"><img decoding=\"async\" src=\"https:\/\/dwf.ro\/resources\/wp-content\/uploads\/2023\/10\/e-book_simulation-1.jpg\" alt=\"Sfaturi Esen\u021biale pentru a Atinge Succesul \u00een Ziua cu cele mai Mari Reduceri din an!\"><\/div>\n                                                                                                                \n                            <div class=\"lvd-content\">\n                                <!--Keyword-->\n                                                                    <div class=\"lvd-keyword \">\n                                        Cre\u0219te-\u021bi V\u00e2nz\u0103rile \u00een Black Friday!                                  \n                                \n                                <\/div>\n                                                                <!--Title url-->\n                                                                        <h2 class=\"lvd-title lvd-text-h3\">Sfaturi Esen\u021biale pentru a Atinge Succesul \u00een Ziua cu cele mai Mari Reduceri din an!<\/h2>\n                                                              \n                                <div class=\"lvd-txt lvd-default\">\n                                                                                                            <!--CTA-->\n                                                                            <div class=\"lvd-button-group\">\n                                            <a href=\"https:\/\/dwf.ro\/resources\/ebook-pregateste-te-sa-vinzi-mai-mult-de-black-friday\/\" class=\"lvd-button-primary \">Detalii<\/a> \n                                        <\/div>\n                                                                    <\/div>\n                            <\/div>     \n\n                        <\/div>\n                        <!--End Card-->\n                                <\/div>\n            <!--END repeater-->\n            <!--Button group repeater-->\n                            <div class=\"lvd-button-group lvd-mt lvd-text-center\">\n                                                                                                        <\/div>\n                        <!--END Button group repeater-->\n    <\/div>  \n    <!--END Container-->\n<\/div>\n<!--END Grid-->","protected":false},"excerpt":{"rendered":"","protected":false},"author":1,"featured_media":0,"parent":0,"menu_order":0,"comment_status":"closed","ping_status":"closed","template":"","meta":{"footnotes":""},"class_list":["post-1274","page","type-page","status-publish","hentry"],"acf":[],"yoast_head":"<!-- This site is optimized with the Yoast SEO plugin v19.6.1 - https:\/\/yoast.com\/wordpress\/plugins\/seo\/ -->\n<title>eBooks - DWF Campaigns<\/title>\n<meta name=\"robots\" content=\"index, follow, max-snippet:-1, max-image-preview:large, max-video-preview:-1\" \/>\n<link rel=\"canonical\" href=\"https:\/\/dwf.ro\/resources\/ebooks\/\" \/>\n<meta property=\"og:locale\" content=\"ro_RO\" \/>\n<meta property=\"og:type\" content=\"article\" \/>\n<meta property=\"og:title\" content=\"eBooks - DWF Campaigns\" \/>\n<meta property=\"og:url\" content=\"https:\/\/dwf.ro\/resources\/ebooks\/\" \/>\n<meta property=\"og:site_name\" content=\"DWF Campaigns\" \/>\n<meta property=\"article:modified_time\" content=\"2023-10-16T12:38:51+00:00\" \/>\n<meta name=\"twitter:card\" content=\"summary_large_image\" \/>\n<script type=\"application\/ld+json\" class=\"yoast-schema-graph\">{\"@context\":\"https:\/\/schema.org\",\"@graph\":[{\"@type\":\"WebPage\",\"@id\":\"https:\/\/dwf.ro\/resources\/ebooks\/\",\"url\":\"https:\/\/dwf.ro\/resources\/ebooks\/\",\"name\":\"eBooks - DWF Campaigns\",\"isPartOf\":{\"@id\":\"https:\/\/dwf.ro\/resources\/#website\"},\"datePublished\":\"2023-10-10T15:35:53+00:00\",\"dateModified\":\"2023-10-16T12:38:51+00:00\",\"breadcrumb\":{\"@id\":\"https:\/\/dwf.ro\/resources\/ebooks\/#breadcrumb\"},\"inLanguage\":\"ro-RO\",\"potentialAction\":[{\"@type\":\"ReadAction\",\"target\":[\"https:\/\/dwf.ro\/resources\/ebooks\/\"]}]},{\"@type\":\"BreadcrumbList\",\"@id\":\"https:\/\/dwf.ro\/resources\/ebooks\/#breadcrumb\",\"itemListElement\":[{\"@type\":\"ListItem\",\"position\":1,\"name\":\"Theme\",\"item\":\"https:\/\/dwf.ro\/resources\/\"},{\"@type\":\"ListItem\",\"position\":2,\"name\":\"eBooks\"}]},{\"@type\":\"WebSite\",\"@id\":\"https:\/\/dwf.ro\/resources\/#website\",\"url\":\"https:\/\/dwf.ro\/resources\/\",\"name\":\"DWF Campaigns\",\"description\":\"\",\"potentialAction\":[{\"@type\":\"SearchAction\",\"target\":{\"@type\":\"EntryPoint\",\"urlTemplate\":\"https:\/\/dwf.ro\/resources\/?s={search_term_string}\"},\"query-input\":\"required name=search_term_string\"}],\"inLanguage\":\"ro-RO\"}]}<\/script>\n<!-- \/ Yoast SEO plugin. -->","yoast_head_json":{"title":"eBooks - DWF Campaigns","robots":{"index":"index","follow":"follow","max-snippet":"max-snippet:-1","max-image-preview":"max-image-preview:large","max-video-preview":"max-video-preview:-1"},"canonical":"https:\/\/dwf.ro\/resources\/ebooks\/","og_locale":"ro_RO","og_type":"article","og_title":"eBooks - DWF Campaigns","og_url":"https:\/\/dwf.ro\/resources\/ebooks\/","og_site_name":"DWF Campaigns","article_modified_time":"2023-10-16T12:38:51+00:00","twitter_card":"summary_large_image","schema":{"@context":"https:\/\/schema.org","@graph":[{"@type":"WebPage","@id":"https:\/\/dwf.ro\/resources\/ebooks\/","url":"https:\/\/dwf.ro\/resources\/ebooks\/","name":"eBooks - DWF Campaigns","isPartOf":{"@id":"https:\/\/dwf.ro\/resources\/#website"},"datePublished":"2023-10-10T15:35:53+00:00","dateModified":"2023-10-16T12:38:51+00:00","breadcrumb":{"@id":"https:\/\/dwf.ro\/resources\/ebooks\/#breadcrumb"},"inLanguage":"ro-RO","potentialAction":[{"@type":"ReadAction","target":["https:\/\/dwf.ro\/resources\/ebooks\/"]}]},{"@type":"BreadcrumbList","@id":"https:\/\/dwf.ro\/resources\/ebooks\/#breadcrumb","itemListElement":[{"@type":"ListItem","position":1,"name":"Theme","item":"https:\/\/dwf.ro\/resources\/"},{"@type":"ListItem","position":2,"name":"eBooks"}]},{"@type":"WebSite","@id":"https:\/\/dwf.ro\/resources\/#website","url":"https:\/\/dwf.ro\/resources\/","name":"DWF Campaigns","description":"","potentialAction":[{"@type":"SearchAction","target":{"@type":"EntryPoint","urlTemplate":"https:\/\/dwf.ro\/resources\/?s={search_term_string}"},"query-input":"required name=search_term_string"}],"inLanguage":"ro-RO"}]}},"_links":{"self":[{"href":"https:\/\/dwf.ro\/resources\/wp-json\/wp\/v2\/pages\/1274","targetHints":{"allow":["GET"]}}],"collection":[{"href":"https:\/\/dwf.ro\/resources\/wp-json\/wp\/v2\/pages"}],"about":[{"href":"https:\/\/dwf.ro\/resources\/wp-json\/wp\/v2\/types\/page"}],"author":[{"embeddable":true,"href":"https:\/\/dwf.ro\/resources\/wp-json\/wp\/v2\/users\/1"}],"replies":[{"embeddable":true,"href":"https:\/\/dwf.ro\/resources\/wp-json\/wp\/v2\/comments?post=1274"}],"version-history":[{"count":0,"href":"https:\/\/dwf.ro\/resources\/wp-json\/wp\/v2\/pages\/1274\/revisions"}],"wp:attachment":[{"href":"https:\/\/dwf.ro\/resources\/wp-json\/wp\/v2\/media?parent=1274"}],"curies":[{"name":"wp","href":"https:\/\/api.w.org\/{rel}","templated":true}]}}