{"id":1262,"date":"2023-10-10T11:21:49","date_gmt":"2023-10-10T11:21:49","guid":{"rendered":"https:\/\/dwf.ro\/resources\/?page_id=1262"},"modified":"2023-10-16T12:37:07","modified_gmt":"2023-10-16T12:37:07","slug":"ebook-pregateste-te-sa-vinzi-mai-mult-de-black-friday","status":"publish","type":"page","link":"https:\/\/dwf.ro\/resources\/ebook-pregateste-te-sa-vinzi-mai-mult-de-black-friday\/","title":{"rendered":"eBook: Preg\u0103te\u0219te-te s\u0103 vinzi mai mult de Black Friday"},"content":{"rendered":"\n<!--Card grid-->\n<div class=\"lvd-cm-hero-form  lvd-pxy-none lvd-mb-block-spacer \" >\n    <!--Container-->\n    <div class=\"lvd-container lvd-flex lvd-flex-row lvd-flex-wrap lvd-justify-between lvd-width-fullhd lvd-flex-gap-xl\">\n                 <!--Content-->\n                 <div class=\"lvd-col-7 bm-lvd-col-12 bt-lvd-col-6\">\n                    <div class=\"lvd-content\">\n                         <!--Keyword test-->\n                                    <div class=\"lvd-keyword\">Cre\u0219te-\u021bi V\u00e2nz\u0103rile \u00een Black Friday!<\/div>\n                                        <h1 class=\"lvd-title lvd-mb-sm lvd-text-h2\">Sfaturi Esen\u021biale pentru a Atinge Succesul \u00een Ziua cu cele mai Mari Reduceri din an!<\/h1>\n\n<div class=\"lvd-hero-form-split lvd-flex lvd-flex-row lvd-flex-wrap  lvd-flex-gap-lg  lvd-justify-between \">\n\n<div class=\"lvd-col-6 bm-lvd-col-12\">\n<div class=\"lvd-txt lvd-default \">\n                            <p>&nbsp;<\/p>\n<p><strong>Ce informa\u021bii vei g\u0103si &icirc;n acest ebook:<\/strong><\/p>\n<ul>\n<li style=\"font-weight: 400\"><span style=\"font-weight: 400\">Cum s\u0103 Transformi Facebook Ads &icirc;ntr-un Adev\u0103rat Spectacol pentru Black Friday<\/span><\/li>\n<li style=\"font-weight: 400\"><span style=\"font-weight: 400\">Google Ads \u0219i Black Friday: Sfaturi Esen\u021biale pentru a Atinge Succesul &icirc;n Ziua Celei Mai Mari Reduceri!<\/span><\/li>\n<li style=\"font-weight: 400\"><span style=\"font-weight: 400\">Alte Platforme pe care le putem include &icirc;n Strategia de Black Friday<\/span><\/li>\n<li style=\"font-weight: 400\"><span style=\"font-weight: 400\">Bannere \u0219i Video pentru Black Friday: Cum s\u0103 v\u0103 Diferen\u021bia\u021bi &icirc;n Mul\u021bime<\/span><\/li>\n<li style=\"font-weight: 400\"><span style=\"font-weight: 400\">O poveste de Black Friday de succes. Studiu de caz c&acirc;\u0219tig\u0103tor la European Search Awards<\/span><\/li>\n<\/ul>                        <\/div>\n\n                         <!--Button group repeater-->\n                                                     <div class=\"lvd-button-group\">\n                                                                                                                                            \n                                                                                    <a href=\"#form\" class=\"lvd-button-primary   lvd-desktop-hide \">Descarc\u0103 acum<\/a>\n                                                                            \n                                                            <\/div>\n                                                <!--END Button group repeater-->\n<\/div>\n<div class=\"lvd-col-6 bm-lvd-col-12\">\n<!--Image-->\n                                <div class=\"lvd-img lvd-img-responsive\"><img decoding=\"async\" src=\"https:\/\/dwf.ro\/resources\/wp-content\/uploads\/2023\/10\/e-book_simulation.jpg\" alt=\"Sfaturi Esen\u021biale pentru a Atinge Succesul \u00een Ziua cu cele mai Mari Reduceri din an!\"><\/div>\n                                                  \n\n<\/div>\n<\/div>\n                       \n                       \n                         \n                    <\/div>    \n                 <\/div>\n                 <!--END Content-->\n                 <!--Form-->\n                 <div class=\"lvd-col-5 bm-lvd-col-12 bt-lvd-col-6\" id=form>\n                    <div class=\"lvd-form lvd-box-shadow-200 lvd-style-apply lvd-style-accent\">\n                        <div class=\"lvd-form-head lvd-text-h2\">\n                            Descarc\u0103 acum                        <\/div>\n                        <div class=\"lvd-form-body\">\n                            <script type=\"text\/javascript\">var gform;gform||(document.addEventListener(\"gform_main_scripts_loaded\",function(){gform.scriptsLoaded=!0}),window.addEventListener(\"DOMContentLoaded\",function(){gform.domLoaded=!0}),gform={domLoaded:!1,scriptsLoaded:!1,initializeOnLoaded:function(o){gform.domLoaded&&gform.scriptsLoaded?o():!gform.domLoaded&&gform.scriptsLoaded?window.addEventListener(\"DOMContentLoaded\",o):document.addEventListener(\"gform_main_scripts_loaded\",o)},hooks:{action:{},filter:{}},addAction:function(o,n,r,t){gform.addHook(\"action\",o,n,r,t)},addFilter:function(o,n,r,t){gform.addHook(\"filter\",o,n,r,t)},doAction:function(o){gform.doHook(\"action\",o,arguments)},applyFilters:function(o){return gform.doHook(\"filter\",o,arguments)},removeAction:function(o,n){gform.removeHook(\"action\",o,n)},removeFilter:function(o,n,r){gform.removeHook(\"filter\",o,n,r)},addHook:function(o,n,r,t,i){null==gform.hooks[o][n]&&(gform.hooks[o][n]=[]);var e=gform.hooks[o][n];null==i&&(i=n+\"_\"+e.length),gform.hooks[o][n].push({tag:i,callable:r,priority:t=null==t?10:t})},doHook:function(n,o,r){var t;if(r=Array.prototype.slice.call(r,1),null!=gform.hooks[n][o]&&((o=gform.hooks[n][o]).sort(function(o,n){return o.priority-n.priority}),o.forEach(function(o){\"function\"!=typeof(t=o.callable)&&(t=window[t]),\"action\"==n?t.apply(null,r):r[0]=t.apply(null,r)})),\"filter\"==n)return r[0]},removeHook:function(o,n,t,i){var r;null!=gform.hooks[o][n]&&(r=(r=gform.hooks[o][n]).filter(function(o,n,r){return!!(null!=i&&i!=o.tag||null!=t&&t!=o.priority)}),gform.hooks[o][n]=r)}});<\/script>\n                <div class='gf_browser_gecko gform_wrapper gravity-theme gform-theme--no-framework' data-form-theme='gravity-theme' data-form-index='0' id='gform_wrapper_5' >\n                        <div class='gform_heading'>\n                            <p class='gform_description'><\/p>\n\t\t\t\t\t\t\t<p class='gform_required_legend'><\/p>\n                        <\/div><form method='post' enctype='multipart\/form-data'  id='gform_5'  action='\/resources\/wp-json\/wp\/v2\/pages\/1262' data-formid='5' novalidate>\n                        <div class='gform-body gform_body'><div id='gform_fields_5' class='gform_fields top_label form_sublabel_below description_below'><div id=\"field_5_1\"  class=\"gfield gfield--type-text gfield_contains_required field_sublabel_below gfield--no-description field_description_below gfield_visibility_visible\"  data-js-reload=\"field_5_1\"><label class='gfield_label gform-field-label' for='input_5_1' >Nume<span class=\"gfield_required\"><span class=\"gfield_required gfield_required_custom\">(obligatoriu)<\/span><\/span><\/label><div class='ginput_container ginput_container_text'><input name='input_1' id='input_5_1' type='text' value='' class='large'     aria-required=\"true\" aria-invalid=\"false\"   \/> <\/div><\/div><div id=\"field_5_3\"  class=\"gfield gfield--type-text gfield_contains_required field_sublabel_below gfield--no-description field_description_below gfield_visibility_visible\"  data-js-reload=\"field_5_3\"><label class='gfield_label gform-field-label' for='input_5_3' >Prenume<span class=\"gfield_required\"><span class=\"gfield_required gfield_required_custom\">(obligatoriu)<\/span><\/span><\/label><div class='ginput_container ginput_container_text'><input name='input_3' id='input_5_3' type='text' value='' class='large'     aria-required=\"true\" aria-invalid=\"false\"   \/> <\/div><\/div><div id=\"field_5_10\"  class=\"gfield gfield--type-email gfield--width-full gfield_contains_required field_sublabel_below gfield--no-description field_description_below gfield_visibility_visible\"  data-js-reload=\"field_5_10\"><label class='gfield_label gform-field-label' for='input_5_10' >Email<span class=\"gfield_required\"><span class=\"gfield_required gfield_required_custom\">(obligatoriu)<\/span><\/span><\/label><div class='ginput_container ginput_container_email'>\n                            <input name='input_10' id='input_5_10' type='email' value='' class='large'    aria-required=\"true\" aria-invalid=\"false\"  \/>\n                        <\/div><\/div><div id=\"field_5_4\"  class=\"gfield gfield--type-text field_sublabel_below gfield--no-description field_description_below gfield_visibility_visible\"  data-js-reload=\"field_5_4\"><label class='gfield_label gform-field-label' for='input_5_4' >Telefon<\/label><div class='ginput_container ginput_container_text'><input name='input_4' id='input_5_4' type='text' value='' class='large'      aria-invalid=\"false\"   \/> <\/div><\/div><div id=\"field_5_7\"  class=\"gfield gfield--type-text gfield_contains_required field_sublabel_below gfield--no-description field_description_below gfield_visibility_visible\"  data-js-reload=\"field_5_7\"><label class='gfield_label gform-field-label' for='input_5_7' >Website<span class=\"gfield_required\"><span class=\"gfield_required gfield_required_custom\">(obligatoriu)<\/span><\/span><\/label><div class='ginput_container ginput_container_text'><input name='input_7' id='input_5_7' type='text' value='' class='large'     aria-required=\"true\" aria-invalid=\"false\"   \/> <\/div><\/div><fieldset id=\"field_5_9\"  class=\"gfield gfield--type-consent gfield--type-choice gfield--input-type-consent gfield_contains_required field_sublabel_below gfield--no-description field_description_below hidden_label gfield_visibility_visible\"  data-js-reload=\"field_5_9\"><legend class='gfield_label gform-field-label gfield_label_before_complex'  >Consent<span class=\"gfield_required\"><span class=\"gfield_required gfield_required_custom\">(obligatoriu)<\/span><\/span><\/legend><div class='ginput_container ginput_container_consent'><input name='input_9.1' id='input_5_9_1' type='checkbox' value='1'   aria-required=\"true\" aria-invalid=\"false\"   \/> <label class=\"gform-field-label gform-field-label--type-inline gfield_consent_label\" for='input_5_9_1' >Sunt de acord cu <a href=\"https:\/\/docs.google.com\/document\/d\/1qozDEbmPkMSKnO9OS9PbnETJFSxaEN3c\/edit\" target=\"_blank\">Politica datelor personale<\/a><span class=\"gfield_required gfield_required_custom\">(obligatoriu)<\/span><\/label><input type='hidden' name='input_9.2' value='Sunt de acord cu &lt;a href=&quot;https:\/\/docs.google.com\/document\/d\/1qozDEbmPkMSKnO9OS9PbnETJFSxaEN3c\/edit&quot; target=&quot;_blank&quot;&gt;Politica datelor personale&lt;\/a&gt;' class='gform_hidden' \/><input type='hidden' name='input_9.3' value='1' class='gform_hidden' \/><\/div><\/fieldset><div id=\"field_5_11\"  class=\"gfield gfield--type-hidden gform_hidden field_sublabel_below gfield--no-description field_description_below gfield_visibility_visible\"  data-js-reload=\"field_5_11\"><div class='ginput_container ginput_container_text'><input name='input_11' id='input_5_11' type='hidden' class='gform_hidden'  aria-invalid=\"false\" value='https:\/\/dwf.ro\/resources\/wp-content\/uploads\/2023\/10\/e-book_black_friday.pdf' \/><\/div><\/div><div id=\"field_5_12\"  class=\"gfield gfield--type-honeypot gform_validation_container field_sublabel_below gfield--has-description field_description_below gfield_visibility_visible\"  data-js-reload=\"field_5_12\"><label class='gfield_label gform-field-label' for='input_5_12' >Comments<\/label><div class='ginput_container'><input name='input_12' id='input_5_12' type='text' value='' autocomplete='new-password'\/><\/div><div class='gfield_description' id='gfield_description_5_12'>This field is for validation purposes and should be left unchanged.<\/div><\/div><\/div><\/div>\n        <div class='gform_footer top_label'> <input type='submit' id='gform_submit_button_5' class='gform_button button' value='Descarc\u0103'  onclick='if(window[\"gf_submitting_5\"]){return false;}  if( !jQuery(\"#gform_5\")[0].checkValidity || jQuery(\"#gform_5\")[0].checkValidity()){window[\"gf_submitting_5\"]=true;}  ' onkeypress='if( event.keyCode == 13 ){ if(window[\"gf_submitting_5\"]){return false;} if( !jQuery(\"#gform_5\")[0].checkValidity || jQuery(\"#gform_5\")[0].checkValidity()){window[\"gf_submitting_5\"]=true;}  jQuery(\"#gform_5\").trigger(\"submit\",[true]); }' \/> \n            <input type='hidden' class='gform_hidden' name='is_submit_5' value='1' \/>\n            <input type='hidden' class='gform_hidden' name='gform_submit' value='5' \/>\n            \n            <input type='hidden' class='gform_hidden' name='gform_unique_id' value='' \/>\n            <input type='hidden' class='gform_hidden' name='state_5' value='WyJ7XCI5LjFcIjpcIjdhYWIyZGQwZmNmYWMwOTk5ZDM4Yjc5MDU0ZTQ5NTYzXCIsXCI5LjJcIjpcIjk1ZTgzY2NkY2UwOTQyOTk5YjYxNmQ5OWU0ZjVhNmIyXCIsXCI5LjNcIjpcIjdhYWIyZGQwZmNmYWMwOTk5ZDM4Yjc5MDU0ZTQ5NTYzXCJ9IiwiZGI1ZGZlODBhMzczYzVlMWI5MWFiY2FjMGVhYzFlMjciXQ==' \/>\n            <input type='hidden' class='gform_hidden' name='gform_target_page_number_5' id='gform_target_page_number_5' value='0' \/>\n            <input type='hidden' class='gform_hidden' name='gform_source_page_number_5' id='gform_source_page_number_5' value='1' \/>\n            <input type='hidden' name='gform_field_values' value='' \/>\n            \n        <\/div>\n                        <\/form>\n                        <\/div><script type=\"text\/javascript\">\n\/* <![CDATA[ *\/\n gform.initializeOnLoaded( function() {gformInitSpinner( 5, 'https:\/\/dwf.ro\/resources\/wp-content\/plugins\/gravityforms\/images\/spinner.svg', true );jQuery('#gform_ajax_frame_5').on('load',function(){var contents = jQuery(this).contents().find('*').html();var is_postback = contents.indexOf('GF_AJAX_POSTBACK') >= 0;if(!is_postback){return;}var form_content = jQuery(this).contents().find('#gform_wrapper_5');var is_confirmation = jQuery(this).contents().find('#gform_confirmation_wrapper_5').length > 0;var is_redirect = contents.indexOf('gformRedirect(){') >= 0;var is_form = form_content.length > 0 && ! is_redirect && ! is_confirmation;var mt = parseInt(jQuery('html').css('margin-top'), 10) + parseInt(jQuery('body').css('margin-top'), 10) + 100;if(is_form){jQuery('#gform_wrapper_5').html(form_content.html());if(form_content.hasClass('gform_validation_error')){jQuery('#gform_wrapper_5').addClass('gform_validation_error');} else {jQuery('#gform_wrapper_5').removeClass('gform_validation_error');}setTimeout( function() { \/* delay the scroll by 50 milliseconds to fix a bug in chrome *\/  }, 50 );if(window['gformInitDatepicker']) {gformInitDatepicker();}if(window['gformInitPriceFields']) {gformInitPriceFields();}var current_page = jQuery('#gform_source_page_number_5').val();gformInitSpinner( 5, 'https:\/\/dwf.ro\/resources\/wp-content\/plugins\/gravityforms\/images\/spinner.svg', true );jQuery(document).trigger('gform_page_loaded', [5, current_page]);window['gf_submitting_5'] = false;}else if(!is_redirect){var confirmation_content = jQuery(this).contents().find('.GF_AJAX_POSTBACK').html();if(!confirmation_content){confirmation_content = contents;}setTimeout(function(){jQuery('#gform_wrapper_5').replaceWith(confirmation_content);jQuery(document).trigger('gform_confirmation_loaded', [5]);window['gf_submitting_5'] = false;wp.a11y.speak(jQuery('#gform_confirmation_message_5').text());}, 50);}else{jQuery('#gform_5').append(contents);if(window['gformRedirect']) {gformRedirect();}}jQuery(document).trigger('gform_post_render', [5, current_page]);} );} ); \n\/* ]]> *\/\n<\/script>\n                        <\/div>\n                    <\/div>\n\n                 <\/div>\n                 <!--END Form-->\n    <\/div>  \n    <!--END Container-->\n<\/div>\n<!--END Hero form-->\n\n\n\n\n\n\n<p><\/p>\n","protected":false},"excerpt":{"rendered":"","protected":false},"author":1,"featured_media":0,"parent":0,"menu_order":0,"comment_status":"closed","ping_status":"closed","template":"","meta":{"footnotes":""},"class_list":["post-1262","page","type-page","status-publish","hentry"],"acf":[],"yoast_head":"<!-- This site is optimized with the Yoast SEO plugin v19.6.1 - https:\/\/yoast.com\/wordpress\/plugins\/seo\/ -->\n<title>eBook: Preg\u0103te\u0219te-te s\u0103 vinzi mai mult de Black Friday - DWF Campaigns<\/title>\n<meta name=\"robots\" content=\"index, follow, max-snippet:-1, max-image-preview:large, max-video-preview:-1\" \/>\n<link rel=\"canonical\" href=\"https:\/\/dwf.ro\/resources\/ebook-pregateste-te-sa-vinzi-mai-mult-de-black-friday\/\" \/>\n<meta property=\"og:locale\" content=\"ro_RO\" \/>\n<meta property=\"og:type\" content=\"article\" \/>\n<meta property=\"og:title\" content=\"eBook: Preg\u0103te\u0219te-te s\u0103 vinzi mai mult de Black Friday - DWF Campaigns\" \/>\n<meta property=\"og:url\" content=\"https:\/\/dwf.ro\/resources\/ebook-pregateste-te-sa-vinzi-mai-mult-de-black-friday\/\" \/>\n<meta property=\"og:site_name\" content=\"DWF Campaigns\" \/>\n<meta property=\"article:modified_time\" content=\"2023-10-16T12:37:07+00:00\" \/>\n<meta name=\"twitter:card\" content=\"summary_large_image\" \/>\n<script type=\"application\/ld+json\" class=\"yoast-schema-graph\">{\"@context\":\"https:\/\/schema.org\",\"@graph\":[{\"@type\":\"WebPage\",\"@id\":\"https:\/\/dwf.ro\/resources\/ebook-pregateste-te-sa-vinzi-mai-mult-de-black-friday\/\",\"url\":\"https:\/\/dwf.ro\/resources\/ebook-pregateste-te-sa-vinzi-mai-mult-de-black-friday\/\",\"name\":\"eBook: Preg\u0103te\u0219te-te s\u0103 vinzi mai mult de Black Friday - DWF Campaigns\",\"isPartOf\":{\"@id\":\"https:\/\/dwf.ro\/resources\/#website\"},\"datePublished\":\"2023-10-10T11:21:49+00:00\",\"dateModified\":\"2023-10-16T12:37:07+00:00\",\"breadcrumb\":{\"@id\":\"https:\/\/dwf.ro\/resources\/ebook-pregateste-te-sa-vinzi-mai-mult-de-black-friday\/#breadcrumb\"},\"inLanguage\":\"ro-RO\",\"potentialAction\":[{\"@type\":\"ReadAction\",\"target\":[\"https:\/\/dwf.ro\/resources\/ebook-pregateste-te-sa-vinzi-mai-mult-de-black-friday\/\"]}]},{\"@type\":\"BreadcrumbList\",\"@id\":\"https:\/\/dwf.ro\/resources\/ebook-pregateste-te-sa-vinzi-mai-mult-de-black-friday\/#breadcrumb\",\"itemListElement\":[{\"@type\":\"ListItem\",\"position\":1,\"name\":\"Theme\",\"item\":\"https:\/\/dwf.ro\/resources\/\"},{\"@type\":\"ListItem\",\"position\":2,\"name\":\"eBook: Preg\u0103te\u0219te-te s\u0103 vinzi mai mult de Black Friday\"}]},{\"@type\":\"WebSite\",\"@id\":\"https:\/\/dwf.ro\/resources\/#website\",\"url\":\"https:\/\/dwf.ro\/resources\/\",\"name\":\"DWF Campaigns\",\"description\":\"\",\"potentialAction\":[{\"@type\":\"SearchAction\",\"target\":{\"@type\":\"EntryPoint\",\"urlTemplate\":\"https:\/\/dwf.ro\/resources\/?s={search_term_string}\"},\"query-input\":\"required name=search_term_string\"}],\"inLanguage\":\"ro-RO\"}]}<\/script>\n<!-- \/ Yoast SEO plugin. -->","yoast_head_json":{"title":"eBook: Preg\u0103te\u0219te-te s\u0103 vinzi mai mult de Black Friday - DWF Campaigns","robots":{"index":"index","follow":"follow","max-snippet":"max-snippet:-1","max-image-preview":"max-image-preview:large","max-video-preview":"max-video-preview:-1"},"canonical":"https:\/\/dwf.ro\/resources\/ebook-pregateste-te-sa-vinzi-mai-mult-de-black-friday\/","og_locale":"ro_RO","og_type":"article","og_title":"eBook: Preg\u0103te\u0219te-te s\u0103 vinzi mai mult de Black Friday - DWF Campaigns","og_url":"https:\/\/dwf.ro\/resources\/ebook-pregateste-te-sa-vinzi-mai-mult-de-black-friday\/","og_site_name":"DWF Campaigns","article_modified_time":"2023-10-16T12:37:07+00:00","twitter_card":"summary_large_image","schema":{"@context":"https:\/\/schema.org","@graph":[{"@type":"WebPage","@id":"https:\/\/dwf.ro\/resources\/ebook-pregateste-te-sa-vinzi-mai-mult-de-black-friday\/","url":"https:\/\/dwf.ro\/resources\/ebook-pregateste-te-sa-vinzi-mai-mult-de-black-friday\/","name":"eBook: Preg\u0103te\u0219te-te s\u0103 vinzi mai mult de Black Friday - DWF Campaigns","isPartOf":{"@id":"https:\/\/dwf.ro\/resources\/#website"},"datePublished":"2023-10-10T11:21:49+00:00","dateModified":"2023-10-16T12:37:07+00:00","breadcrumb":{"@id":"https:\/\/dwf.ro\/resources\/ebook-pregateste-te-sa-vinzi-mai-mult-de-black-friday\/#breadcrumb"},"inLanguage":"ro-RO","potentialAction":[{"@type":"ReadAction","target":["https:\/\/dwf.ro\/resources\/ebook-pregateste-te-sa-vinzi-mai-mult-de-black-friday\/"]}]},{"@type":"BreadcrumbList","@id":"https:\/\/dwf.ro\/resources\/ebook-pregateste-te-sa-vinzi-mai-mult-de-black-friday\/#breadcrumb","itemListElement":[{"@type":"ListItem","position":1,"name":"Theme","item":"https:\/\/dwf.ro\/resources\/"},{"@type":"ListItem","position":2,"name":"eBook: Preg\u0103te\u0219te-te s\u0103 vinzi mai mult de Black Friday"}]},{"@type":"WebSite","@id":"https:\/\/dwf.ro\/resources\/#website","url":"https:\/\/dwf.ro\/resources\/","name":"DWF Campaigns","description":"","potentialAction":[{"@type":"SearchAction","target":{"@type":"EntryPoint","urlTemplate":"https:\/\/dwf.ro\/resources\/?s={search_term_string}"},"query-input":"required name=search_term_string"}],"inLanguage":"ro-RO"}]}},"_links":{"self":[{"href":"https:\/\/dwf.ro\/resources\/wp-json\/wp\/v2\/pages\/1262","targetHints":{"allow":["GET"]}}],"collection":[{"href":"https:\/\/dwf.ro\/resources\/wp-json\/wp\/v2\/pages"}],"about":[{"href":"https:\/\/dwf.ro\/resources\/wp-json\/wp\/v2\/types\/page"}],"author":[{"embeddable":true,"href":"https:\/\/dwf.ro\/resources\/wp-json\/wp\/v2\/users\/1"}],"replies":[{"embeddable":true,"href":"https:\/\/dwf.ro\/resources\/wp-json\/wp\/v2\/comments?post=1262"}],"version-history":[{"count":0,"href":"https:\/\/dwf.ro\/resources\/wp-json\/wp\/v2\/pages\/1262\/revisions"}],"wp:attachment":[{"href":"https:\/\/dwf.ro\/resources\/wp-json\/wp\/v2\/media?parent=1262"}],"curies":[{"name":"wp","href":"https:\/\/api.w.org\/{rel}","templated":true}]}}